{"id":657,"date":"2022-09-07T12:11:24","date_gmt":"2022-09-07T11:11:24","guid":{"rendered":"https:\/\/www.pulamarathon.com\/wp\/?page_id=657"},"modified":"2025-01-30T16:09:40","modified_gmt":"2025-01-30T15:09:40","slug":"protokol-2022","status":"publish","type":"page","link":"https:\/\/www.pulamarathon.com\/hr\/protokol-2022\/","title":{"rendered":"Protokol"},"content":{"rendered":"<p><strong>Start utrke \u2013 subota 20. rujna u 19:50 sati<\/strong><\/p>\n<p><strong>Startne zone<br \/>\n<\/strong>Start je podijeljen i vi\u0161e startnih zona na osnovu planiranih rezultata samih sudionika na na\u010din da su naprijed br\u017ei trka\u010di<\/p>\n<p><strong>Startni brojevi<br \/>\n<\/strong>Na svakom startnom broju je ozna\u010dena startna zona pojedinog trka\u010da<\/p>\n<p><strong>Ulazak u startnu zonu<br \/>\n<\/strong>Ulazak u startnu zonu dozvoljen je 5 minute prije samog starta<\/p>\n<p><strong>Veli\u010dina startne zone<br \/>\n<\/strong>Omogu\u0107ava 4 m2 prostora za svakog sudionika<\/p>\n<p><strong>Preuzimanje paketa i startnih brojeva<br \/>\n<\/strong>Preuzimanje startnih paketa odr\u017eat \u0107e se u petak 19. rujna od 15 do 22 sata i u subotu 21. rujna od 10.00 do 18.00 sati na Rivi stotinjak metara zapadno od Arene. Prilikom preuzimanja paketa sudionici \u0107e biti raspore\u0111eni u redove sukladno dionici koju tr\u010de 5, 10 ili 21 km.<\/p>\n<p><strong>Trasa utrke<br \/>\n<\/strong>Trasa utrke osigurana je od strane organizatora i Prometne policije, a promet je na trasi zatvoren za vrijeme odvijanja utrke.<\/p>\n<p><strong>Punktovi okrepe<br \/>\n<\/strong>Nalaze se du\u017e zadane rute svakih 3 kilometra. Sudionici samo preuzimaju okrepu (vodu ili energetski napitak u originalnom pakiranju). Po zavr\u0161etku utrke je zavr\u0161na okrepa unutar Arene.<\/p>\n<p><strong>Garderoba<br \/>\n<\/strong>Garderoba se nalazi unutar Arene, na prolazu kojim trka\u010di ulaze u Arenu.<\/p>\n<p><strong>Parking<br \/>\n<\/strong>Slu\u017ebeni parking osiguran je u neposrednoj blizini Arene na lokaciji Mandra\u010d (sjeverni kraj Rive).<\/p>\n<p><strong>Informacije<br \/>\n<\/strong>Sve informacije poslane su mailom, nalaze se na slu\u017ebenoj stranici utrke te istaknute su na vi\u0161e mjesta na prostoru same utrke.<\/p>\n<p><strong>Organizirani prijevoz<br \/>\n<\/strong>Organiziranog prijevoza nema \u2014 preporu\u010da se sudionicima da dolaze vlastitim automobilima u grupama kojima ina\u010de borave. Sukladno tome, osigurano je parking prostora na Mandra\u010du.<\/p>\n<p><strong>Osoblje i organizatori<br \/>\n<\/strong>Evidencija zaposlenih na manifestaciji: svi \u010dlanovi organizacije (redari, \u010dlanovi organizacije, suci, volonteri itd.) na manifestaciji bit \u0107e upisani na potpisnu listu koja sadr\u017eava sljede\u0107e podatke: Ime i prezime \/ Broj telefona \/ Vrijeme dolaska \/ Vrijeme odlaska<\/p>\n<p><strong>Razli\u010dite skupine zadu\u017eenja<br \/>\n<\/strong>Unutar same organizacije bit \u0107e vi\u0161e razli\u010ditih timova specijaliziranih za pojedino podru\u010dje koji se ne\u0107e me\u0111usobno mije\u0161ati<\/p>\n<p><strong>Slu\u017ebeni voditelj<br \/>\n<\/strong>Slu\u017ebeni voditelj \u0107e na razglas davati osnovne informacije sudionicima ispred i unutar Arene.<\/p>\n<p><strong>WC<br \/>\n<\/strong>Na podru\u010dju manifestacije biti \u0107e postavljeni kemijski toaleti ispred i unutar Arene.<\/p>\n<p><strong>Medicinska pomo\u0107<br \/>\n<\/strong>Na utrci \u0107e biti anga\u017eirano vi\u0161e timova Hitne medicinske pomo\u0107i uz glavnog lije\u010dnika \u2014 medicinskog direktora sukladno naputcima Svjetske atletske federacije. Svo osoblje u organizaciji ima broj glavnog lije\u010dnika i voditelja medicinskih timova.<\/p>\n","protected":false},"excerpt":{"rendered":"<p>Start utrke \u2013 subota 20. rujna u 19:50 sati Startne zone Start je podijeljen i vi\u0161e startnih zona na osnovu planiranih rezultata samih sudionika na na\u010din da su naprijed br\u017ei &#8230;<\/p>\n","protected":false},"author":2,"featured_media":0,"parent":0,"menu_order":0,"comment_status":"closed","ping_status":"closed","template":"","meta":{"_acf_changed":false,"inline_featured_image":false,"footnotes":""},"class_list":["post-657","page","type-page","status-publish","hentry"],"acf":[],"_links":{"self":[{"href":"https:\/\/www.pulamarathon.com\/hr\/wp-json\/wp\/v2\/pages\/657","targetHints":{"allow":["GET"]}}],"collection":[{"href":"https:\/\/www.pulamarathon.com\/hr\/wp-json\/wp\/v2\/pages"}],"about":[{"href":"https:\/\/www.pulamarathon.com\/hr\/wp-json\/wp\/v2\/types\/page"}],"author":[{"embeddable":true,"href":"https:\/\/www.pulamarathon.com\/hr\/wp-json\/wp\/v2\/users\/2"}],"replies":[{"embeddable":true,"href":"https:\/\/www.pulamarathon.com\/hr\/wp-json\/wp\/v2\/comments?post=657"}],"version-history":[{"count":7,"href":"https:\/\/www.pulamarathon.com\/hr\/wp-json\/wp\/v2\/pages\/657\/revisions"}],"predecessor-version":[{"id":1001,"href":"https:\/\/www.pulamarathon.com\/hr\/wp-json\/wp\/v2\/pages\/657\/revisions\/1001"}],"wp:attachment":[{"href":"https:\/\/www.pulamarathon.com\/hr\/wp-json\/wp\/v2\/media?parent=657"}],"curies":[{"name":"wp","href":"https:\/\/api.w.org\/{rel}","templated":true}]}}