{"id":550,"date":"2021-09-13T13:40:20","date_gmt":"2021-09-13T12:40:20","guid":{"rendered":"https:\/\/www.pulamarathon.com\/wp\/?page_id=550"},"modified":"2024-09-16T10:59:38","modified_gmt":"2024-09-16T09:59:38","slug":"550-2","status":"publish","type":"page","link":"https:\/\/www.pulamarathon.com\/hr\/550-2\/","title":{"rendered":"Privremena regulacija prometa"},"content":{"rendered":"<p><strong>Informacije o privremenoj regulaciji prometa povodom odr\u017eavanja sportske manifestacije 6. Pula Maraton na dan 20. i 21. rujna 2024.<\/strong><\/p>\n<p>Za potrebe organizacije atletske utrke 6. Pula Marathon u sklopu koje \u0107e se odr\u017eati dje\u010dje utrke u petak 20. rujna 2024. i utrke na 5 km, 10 km i 21 km u subotu 21. rujna 2024. obavje\u0161tavaju se svi gra\u0111ani da \u0107e vrijediti posebna prometna regulacija koju \u0107e koordinirati predstavnici Ministarstva unutarnjih poslova uz redarsku slu\u017ebu organizatora.<\/p>\n<p>Promet \u0107e biti zatvoren na sljede\u0107im prometnicama:<\/p>\n<p><strong>20. rujna 2024. (petak), dje\u010dje utrke za pred \u0161kolarce i \u0161kolarce<\/strong><br \/>\nOd 17.30 do 21.00 sati zatvorene prometnice: Amfiteatarska ul., Istarska ul., Flavijevska ul., uspon uz Valerijin park i ulica iznad benzinske postaje LUKOIL<\/p>\n<p><strong>21. rujna 2024. (subota), utrka na 5, 10 i 21 km<\/strong><br \/>\nOd 16.00 sati zatvorene prometnice: Amfiteatarska ul., Istarska ulica i \u0160etali\u0161te Nella Milottija (uspon uz Valerijin park)<br \/>\nOd 19.45 do 22.45 sati zatvorene prometnice: Istarska ulica \u2013 Flavijevska ulica \u2013 Tr\u0161\u010danska ulica \u2013 Ulica. 43. Istarske divizije \u2013 Partizanski put \u2013 Ulica Starih statuta \u2013 Ulica 119 Brigade \u2013 Riva \u2013 Flaciusova ulica \u2013 Danteov Trg \u2013 Laginjina ul. \u2013 Giardini \u2013 Carrarina ul.\u2013 Amfiteatarska ulica \u2013 Kolodvorska \u2013 Splitska \u2013 Ravenska \u2013 Kandlerova \u2013 Castropola \u2013 Istarska ul. \u2013 Dubrova\u010dke bratov\u0161tine \u2013 Anticova ul.<\/p>\n<p>Laginjina i Giardini su otvorene za promet, ali ne\u0107e prometovati autobusi.<\/p>\n<p>Osim gore navedenih prometnica po kojima se tr\u010di radi potrebe osiguranja svih sudionika u prometu zatvorit \u0107e se djelomi\u010dno i kratkotrajno prilazne ceste na kri\u017eanjima samo u trenucima dok trka\u010di prolaze: Vitasovi\u0107eva, Mutvoranska, Kastavska, Ben\u010di\u0107eva, Buzetska, Radni\u010dka, Vodovodna, Put za groblje, Sv. Ivana.<\/p>\n<p>Tijekom utrke bit \u0107e omogu\u0107en prelazak prije navedenih prometnica na raskri\u017ejima sukladno dozvoli prometne policije i slu\u017ebenih osoba na stazi u trenucima kada u blizini nema trka\u010da.<\/p>\n<p>Start i cilj svih utrka: Arena<br \/>\nJavni prijevoz Pulaprometa prometovat \u0107e prema privremenoj prometnoj regulaciji u dogovoru sa prometnom policijom.<br \/>\nPozivamo sve voza\u010de na poja\u010dan oprez, strpljenje i razumijevanje.<\/p>\n","protected":false},"excerpt":{"rendered":"<p>Informacije o privremenoj regulaciji prometa povodom odr\u017eavanja sportske manifestacije 6. Pula Maraton na dan 20. i 21. rujna 2024. Za potrebe organizacije atletske utrke 6. Pula Marathon u sklopu koje &#8230;<\/p>\n","protected":false},"author":3,"featured_media":0,"parent":0,"menu_order":0,"comment_status":"closed","ping_status":"closed","template":"template-extraraces.php","meta":{"_acf_changed":false,"inline_featured_image":false,"footnotes":""},"class_list":["post-550","page","type-page","status-publish","hentry"],"acf":[],"_links":{"self":[{"href":"https:\/\/www.pulamarathon.com\/hr\/wp-json\/wp\/v2\/pages\/550","targetHints":{"allow":["GET"]}}],"collection":[{"href":"https:\/\/www.pulamarathon.com\/hr\/wp-json\/wp\/v2\/pages"}],"about":[{"href":"https:\/\/www.pulamarathon.com\/hr\/wp-json\/wp\/v2\/types\/page"}],"author":[{"embeddable":true,"href":"https:\/\/www.pulamarathon.com\/hr\/wp-json\/wp\/v2\/users\/3"}],"replies":[{"embeddable":true,"href":"https:\/\/www.pulamarathon.com\/hr\/wp-json\/wp\/v2\/comments?post=550"}],"version-history":[{"count":9,"href":"https:\/\/www.pulamarathon.com\/hr\/wp-json\/wp\/v2\/pages\/550\/revisions"}],"predecessor-version":[{"id":965,"href":"https:\/\/www.pulamarathon.com\/hr\/wp-json\/wp\/v2\/pages\/550\/revisions\/965"}],"wp:attachment":[{"href":"https:\/\/www.pulamarathon.com\/hr\/wp-json\/wp\/v2\/media?parent=550"}],"curies":[{"name":"wp","href":"https:\/\/api.w.org\/{rel}","templated":true}]}}